{"id":18001,"date":"2021-05-25T08:27:29","date_gmt":"2021-05-25T05:27:29","guid":{"rendered":"https:\/\/www.dayemedikal.com\/?post_type=product&#038;p=18001"},"modified":"2024-11-11T16:24:14","modified_gmt":"2024-11-11T13:24:14","slug":"covidien-ev-tipi-mekanik-ventilator-cihazi-filtresi","status":"publish","type":"product","link":"https:\/\/www.dayemedikal.com\/en\/product\/covidien-ev-tipi-mekanik-ventilator-cihazi-filtresi\/","title":{"rendered":"Covidien Ev Tipi Mekanik Ventilat\u00f6r Cihaz\u0131 Filtresi"},"content":{"rendered":"<p>Cihazlar\u0131n hava filtreleri(s\u00fcnger)<\/p>","protected":false},"excerpt":{"rendered":"<p>Cihazlar\u0131n hava filtreleri(s\u00fcnger)<\/p>","protected":false},"featured_media":18002,"template":"","meta":[],"product_cat":[146],"product_tag":[],"class_list":{"0":"post-18001","1":"product","2":"type-product","3":"status-publish","4":"has-post-thumbnail","6":"product_cat-filtreler","7":"product_shipping_class-maskebandajivefiltreler","8":"ts_product_brand-covidien","10":"first","11":"instock","12":"shipping-taxable","13":"product-type-simple"},"_links":{"self":[{"href":"https:\/\/www.dayemedikal.com\/en\/wp-json\/wp\/v2\/product\/18001"}],"collection":[{"href":"https:\/\/www.dayemedikal.com\/en\/wp-json\/wp\/v2\/product"}],"about":[{"href":"https:\/\/www.dayemedikal.com\/en\/wp-json\/wp\/v2\/types\/product"}],"wp:featuredmedia":[{"embeddable":true,"href":"https:\/\/www.dayemedikal.com\/en\/wp-json\/wp\/v2\/media\/18002"}],"wp:attachment":[{"href":"https:\/\/www.dayemedikal.com\/en\/wp-json\/wp\/v2\/media?parent=18001"}],"wp:term":[{"taxonomy":"product_cat","embeddable":true,"href":"https:\/\/www.dayemedikal.com\/en\/wp-json\/wp\/v2\/product_cat?post=18001"},{"taxonomy":"product_tag","embeddable":true,"href":"https:\/\/www.dayemedikal.com\/en\/wp-json\/wp\/v2\/product_tag?post=18001"}],"curies":[{"name":"wp","href":"https:\/\/api.w.org\/{rel}","templated":true}]}}