{"id":18005,"date":"2021-05-25T08:31:24","date_gmt":"2021-05-25T05:31:24","guid":{"rendered":"https:\/\/www.dayemedikal.com\/?post_type=product&#038;p=18005"},"modified":"2024-11-11T16:25:32","modified_gmt":"2024-11-11T13:25:32","slug":"respirox-oksijen-konsantratoru-filtresi","status":"publish","type":"product","link":"https:\/\/www.dayemedikal.com\/en\/product\/respirox-oksijen-konsantratoru-filtresi\/","title":{"rendered":"Respirox Oksijen Konsantrat\u00f6r\u00fc Filtresi"},"content":{"rendered":"<p>Cihazlar\u0131n hava filtreleri ke\u00e7e (s\u00fcnger)<\/p>","protected":false},"excerpt":{"rendered":"<p>Cihazlar\u0131n hava filtreleri ke\u00e7e (s\u00fcnger)<\/p>","protected":false},"featured_media":18006,"template":"","meta":[],"product_cat":[146],"product_tag":[],"class_list":{"0":"post-18005","1":"product","2":"type-product","3":"status-publish","4":"has-post-thumbnail","6":"product_cat-filtreler","7":"product_shipping_class-maskebandajivefiltreler","8":"ts_product_brand-respirox","10":"first","11":"instock","12":"shipping-taxable","13":"product-type-simple"},"_links":{"self":[{"href":"https:\/\/www.dayemedikal.com\/en\/wp-json\/wp\/v2\/product\/18005"}],"collection":[{"href":"https:\/\/www.dayemedikal.com\/en\/wp-json\/wp\/v2\/product"}],"about":[{"href":"https:\/\/www.dayemedikal.com\/en\/wp-json\/wp\/v2\/types\/product"}],"wp:featuredmedia":[{"embeddable":true,"href":"https:\/\/www.dayemedikal.com\/en\/wp-json\/wp\/v2\/media\/18006"}],"wp:attachment":[{"href":"https:\/\/www.dayemedikal.com\/en\/wp-json\/wp\/v2\/media?parent=18005"}],"wp:term":[{"taxonomy":"product_cat","embeddable":true,"href":"https:\/\/www.dayemedikal.com\/en\/wp-json\/wp\/v2\/product_cat?post=18005"},{"taxonomy":"product_tag","embeddable":true,"href":"https:\/\/www.dayemedikal.com\/en\/wp-json\/wp\/v2\/product_tag?post=18005"}],"curies":[{"name":"wp","href":"https:\/\/api.w.org\/{rel}","templated":true}]}}