{"id":18509,"date":"2021-07-05T07:56:43","date_gmt":"2021-07-05T04:56:43","guid":{"rendered":"https:\/\/www.dayemedikal.com\/?post_type=product&#038;p=18509"},"modified":"2024-11-11T15:58:52","modified_gmt":"2024-11-11T12:58:52","slug":"airsep-freestyle-tasinabilir-oksijen-konsantratoru-5-lt","status":"publish","type":"product","link":"https:\/\/www.dayemedikal.com\/en\/product\/airsep-freestyle-tasinabilir-oksijen-konsantratoru-5-lt\/","title":{"rendered":"AirSep FreeStyle Ta\u015f\u0131nabilir Oksijen Konsantrat\u00f6r\u00fc 5 LT"},"content":{"rendered":"<p>AirSep FreeStyle; farkl\u0131 PulseDose ayar se\u00e7enekleri sunabilen ta\u015f\u0131nabilir oksijen konsantrat\u00f6r\u00fcd\u00fcr. \u00d6zg\u00fcrce hareket etmek isteyen hastalara yakla\u015f\u0131k %95 safl\u0131\u011f\u0131nda oksijen deste\u011fi vermektedir. 1-5 aras\u0131 ayar se\u00e7enekleri ile PulseDose sistemi sayesinde geni\u015f tedavi kapasitesine sahiptir. Oksijen ihtiyac\u0131 olan kullan\u0131c\u0131lar (KOAH, idiopatik pulmoner fibrozis, kistik fibrozis vb.) hafif ve g\u00fcvenilir AirSep FreeStyle sayesinde aktif bir ya\u015fam\u0131n tad\u0131n\u0131 \u00e7\u0131karabilirler.<\/p>\n<p>Sadece\u00a0AirSep FreeStyle ta\u015f\u0131nabilir oksijen konsantrat\u00f6r\u00fcnde bulunan\u00a0UltraSense teknolojisi\u00a0sayesinde bir\u00e7ok ta\u015f\u0131nabilir cihaza g\u00f6re kullan\u0131c\u0131n\u0131n nefes al\u0131p vermesini daha hassas bir \u015fekilde alg\u0131lar. UltraSense\u00a0sayesinde milisaniye gibi k\u0131sa bir s\u00fcrede ve\u00a0h\u0131zl\u0131 bir \u015fekilde kullan\u0131c\u0131ya\u00a0oksijen iletimi ger\u00e7ekle\u015fir. Bu sayede daha verimli oksijen tedavisi sa\u011flanm\u0131\u015f olur. Ak\u0131ll\u0131 mikroi\u015flemcisi sayesinde uyku modunda bile h\u0131zl\u0131 ve g\u00fcvenilir oksijen deste\u011fi verir. G\u00fc\u00e7l\u00fc kompres\u00f6r\u00fc sayesinde<strong>\u00a0<\/strong>ta\u015f\u0131nabilir oksijen konsantrat\u00f6r\u00fc\u00a07,62 metre uzunlu\u011fundaki kan\u00fcllerle bile kullan\u0131labilir.<\/p>\n<p>Yeni tak-\u00e7\u0131kar batarya 1. PulseDose ayar\u0131nda 4 saatin \u00fczerinde hizmet verebilmektedir. Bu sayede oksijen deste\u011fine ihtiya\u00e7 duyan ki\u015filer art\u0131k rahat\u00e7a sosyalle\u015febilmektedirler.<\/p>\n<p>FreeStyle\u00a0FAA\u00a0onayl\u0131\u00a0bir cihaz olmas\u0131 nedeniyle\u00a0u\u00e7aklarda g\u00fcvenle kullan\u0131labilmektedir.<\/p>","protected":false},"excerpt":{"rendered":"<p>\u00d6zg\u00fcrce hareket etmek isteyen hastalara yakla\u015f\u0131k %95 safl\u0131\u011f\u0131nda oksijen deste\u011fi vermektedir.<\/p>","protected":false},"featured_media":18511,"template":"","meta":[],"product_cat":[138],"product_tag":[],"class_list":{"0":"post-18509","1":"product","2":"type-product","3":"status-publish","4":"has-post-thumbnail","6":"product_cat-tasinabilir-oksijen-konsantratoru","7":"ts_product_brand-airsep","9":"first","10":"outofstock","11":"shipping-taxable","12":"product-type-simple"},"_links":{"self":[{"href":"https:\/\/www.dayemedikal.com\/en\/wp-json\/wp\/v2\/product\/18509"}],"collection":[{"href":"https:\/\/www.dayemedikal.com\/en\/wp-json\/wp\/v2\/product"}],"about":[{"href":"https:\/\/www.dayemedikal.com\/en\/wp-json\/wp\/v2\/types\/product"}],"wp:featuredmedia":[{"embeddable":true,"href":"https:\/\/www.dayemedikal.com\/en\/wp-json\/wp\/v2\/media\/18511"}],"wp:attachment":[{"href":"https:\/\/www.dayemedikal.com\/en\/wp-json\/wp\/v2\/media?parent=18509"}],"wp:term":[{"taxonomy":"product_cat","embeddable":true,"href":"https:\/\/www.dayemedikal.com\/en\/wp-json\/wp\/v2\/product_cat?post=18509"},{"taxonomy":"product_tag","embeddable":true,"href":"https:\/\/www.dayemedikal.com\/en\/wp-json\/wp\/v2\/product_tag?post=18509"}],"curies":[{"name":"wp","href":"https:\/\/api.w.org\/{rel}","templated":true}]}}