{"id":18523,"date":"2021-08-18T11:08:35","date_gmt":"2021-08-18T08:08:35","guid":{"rendered":"https:\/\/www.dayemedikal.com\/?post_type=product&#038;p=18523"},"modified":"2024-11-11T16:25:56","modified_gmt":"2024-11-11T13:25:56","slug":"oksijen-konsantratoru-pasolu-su-kabi","status":"publish","type":"product","link":"https:\/\/www.dayemedikal.com\/en\/product\/oksijen-konsantratoru-pasolu-su-kabi\/","title":{"rendered":"Oksijen Konsantrat\u00f6r\u00fc (Pasolu) Su Kab\u0131"},"content":{"rendered":"<div>Burunda yanma, bo\u011fazda kuruluk ve \u00f6ks\u00fcr\u00fck gibi \u015fikayetleri \u00f6nlemek i\u00e7in mutlaka kullan\u0131lmas\u0131 gerekir.<\/div>\n<p>Sadece uygun modellerdeki Oksijen Konsantrat\u00f6rleri i\u00e7in kullan\u0131n\u0131z.<\/p>\n<div>Su Kab\u0131n\u0131 kullanmadan \u00f6nce deterjan veya kimyasal kullanmadan y\u0131kay\u0131n\u0131z.<\/div>\n<div>Su Kab\u0131 kapa\u011f\u0131n\u0131n iyice kapan\u0131p dis atlamay\u0131p hava ka\u00e7\u0131rmas\u0131na dikkat ediniz.<\/div>\n<div>Su Kab\u0131 ile oksijen kan\u00fcl\u00fc ba\u011flant\u0131lar\u0131n\u0131n tam yap\u0131ld\u0131\u011f\u0131ndan emin olunuz.<\/div>\n<div>Su Kab\u0131nda kire\u00e7lenmeyi \u00f6nlemek i\u00e7in uygun distile su kullan\u0131n\u0131z.<\/div>\n<div>Suyun su kab\u0131n\u0131n \u00fcst\u00fcndeki belirtilen seviyelerinin (Max-Min) aras\u0131nda olmas\u0131na dikkat ediniz.<\/div>","protected":false},"excerpt":{"rendered":"<p>Burunda yanma, bo\u011fazda kuruluk ve \u00f6ks\u00fcr\u00fck gibi \u015fikayetleri \u00f6nlemek i\u00e7in mutlaka kullan\u0131lmas\u0131 gerekir.<\/p>","protected":false},"featured_media":18524,"template":"","meta":[],"product_cat":[167],"product_tag":[],"class_list":{"0":"post-18523","1":"product","2":"type-product","3":"status-publish","4":"has-post-thumbnail","6":"product_cat-su-kabi","7":"product_shipping_class-manometrevesukabi","9":"first","10":"instock","11":"shipping-taxable","12":"product-type-simple"},"_links":{"self":[{"href":"https:\/\/www.dayemedikal.com\/en\/wp-json\/wp\/v2\/product\/18523"}],"collection":[{"href":"https:\/\/www.dayemedikal.com\/en\/wp-json\/wp\/v2\/product"}],"about":[{"href":"https:\/\/www.dayemedikal.com\/en\/wp-json\/wp\/v2\/types\/product"}],"wp:featuredmedia":[{"embeddable":true,"href":"https:\/\/www.dayemedikal.com\/en\/wp-json\/wp\/v2\/media\/18524"}],"wp:attachment":[{"href":"https:\/\/www.dayemedikal.com\/en\/wp-json\/wp\/v2\/media?parent=18523"}],"wp:term":[{"taxonomy":"product_cat","embeddable":true,"href":"https:\/\/www.dayemedikal.com\/en\/wp-json\/wp\/v2\/product_cat?post=18523"},{"taxonomy":"product_tag","embeddable":true,"href":"https:\/\/www.dayemedikal.com\/en\/wp-json\/wp\/v2\/product_tag?post=18523"}],"curies":[{"name":"wp","href":"https:\/\/api.w.org\/{rel}","templated":true}]}}