{"id":18528,"date":"2021-08-18T11:53:09","date_gmt":"2021-08-18T08:53:09","guid":{"rendered":"https:\/\/www.dayemedikal.com\/?post_type=product&#038;p=18528"},"modified":"2024-11-11T16:21:18","modified_gmt":"2024-11-11T13:21:18","slug":"respirox-manometre-oksijen-tupu-basligi","status":"publish","type":"product","link":"https:\/\/www.dayemedikal.com\/en\/product\/respirox-manometre-oksijen-tupu-basligi\/","title":{"rendered":"Respirox Manometre (Oksijen T\u00fcp\u00fc Ba\u015fl\u0131\u011f\u0131)"},"content":{"rendered":"<p>Manometre; oksijen tedavisine ihtiya\u00e7 duyan hastalar\u0131n, oksijen t\u00fcp\u00fcnde bulunan oksijen gaz\u0131n\u0131n bas\u0131nc\u0131n\u0131 d\u00fc\u015f\u00fcrerek ve oksijeni nemlendirerek hastaya verilebilecek d\u00fczeye getirmektedir. \u015eeffaf nemlendirici kap sayesinde su seviyesi izlenebilir.<\/p>","protected":false},"excerpt":{"rendered":"<p>Oksijene ihtiya\u00e7 duyuldu\u011funda, t\u00fcplerdeki oksijen gaz\u0131n\u0131n bas\u0131nc\u0131n\u0131 d\u00fc\u015f\u00fcrerek ve oksijeni nemlendirerek hastaya verilebilecek d\u00fczeye getirmektedir.<\/p>","protected":false},"featured_media":18529,"template":"","meta":[],"product_cat":[168],"product_tag":[],"class_list":{"0":"post-18528","1":"product","2":"type-product","3":"status-publish","4":"has-post-thumbnail","6":"product_cat-manometre-oksijen-tupu-basligi","7":"product_shipping_class-manometrevesukabi","8":"ts_product_brand-respirox","10":"first","11":"outofstock","12":"sold-individually","13":"shipping-taxable","14":"product-type-simple"},"_links":{"self":[{"href":"https:\/\/www.dayemedikal.com\/en\/wp-json\/wp\/v2\/product\/18528"}],"collection":[{"href":"https:\/\/www.dayemedikal.com\/en\/wp-json\/wp\/v2\/product"}],"about":[{"href":"https:\/\/www.dayemedikal.com\/en\/wp-json\/wp\/v2\/types\/product"}],"wp:featuredmedia":[{"embeddable":true,"href":"https:\/\/www.dayemedikal.com\/en\/wp-json\/wp\/v2\/media\/18529"}],"wp:attachment":[{"href":"https:\/\/www.dayemedikal.com\/en\/wp-json\/wp\/v2\/media?parent=18528"}],"wp:term":[{"taxonomy":"product_cat","embeddable":true,"href":"https:\/\/www.dayemedikal.com\/en\/wp-json\/wp\/v2\/product_cat?post=18528"},{"taxonomy":"product_tag","embeddable":true,"href":"https:\/\/www.dayemedikal.com\/en\/wp-json\/wp\/v2\/product_tag?post=18528"}],"curies":[{"name":"wp","href":"https:\/\/api.w.org\/{rel}","templated":true}]}}