{"id":18538,"date":"2021-08-18T14:20:45","date_gmt":"2021-08-18T11:20:45","guid":{"rendered":"https:\/\/www.dayemedikal.com\/?post_type=product&#038;p=18538"},"modified":"2024-11-11T16:27:55","modified_gmt":"2024-11-11T13:27:55","slug":"2-metre-nazal-oksijen-kanulu","status":"publish","type":"product","link":"https:\/\/www.dayemedikal.com\/en\/product\/2-metre-nazal-oksijen-kanulu\/","title":{"rendered":"2 Metre Nazal Oksijen Kan\u00fcl\u00fc"},"content":{"rendered":"<p><span style=\"font-family: Arial, Verdana;\">2 mt uzunlu\u011fa sahip olan nazal kan\u00fcl; oksijenin transferinde kullan\u0131lmaktad\u0131r. Burun deliklerine giren silikon k\u0131s\u0131mlar\u0131 yumu\u015fakt\u0131r hastaya kolayca uyum sa\u011flar. Her cihaza uygundur.<\/span><\/p>\n<div><span style=\"font-family: Arial, Verdana;\">&#8220;T.C.Sa\u011fl\u0131k Bakanl\u0131\u011f\u0131\u2019n\u0131n Hijyenik \u00dcr\u00fcn Y\u00f6netmeli\u011fi\u2019ne g\u00f6re ay\u0131pl\u0131 \u00fcr\u00fcn olmad\u0131\u011f\u0131 s\u00fcrece hijyenik \u00fcr\u00fcnlerin a\u00e7\u0131ld\u0131ktan sonra iade ve de\u011fi\u015fimi s\u00f6z konusu de\u011fildir.&#8221;<\/span><\/div>","protected":false},"excerpt":{"rendered":"<p><span style=\"font-family: Arial, Verdana;\">2 mt uzunlu\u011fa sahip olan nazal kan\u00fcl; oksijenin transferinde kullan\u0131lmaktad\u0131r.<\/span><\/p>","protected":false},"featured_media":18539,"template":"","meta":[],"product_cat":[169],"product_tag":[],"class_list":{"0":"post-18538","1":"product","2":"type-product","3":"status-publish","4":"has-post-thumbnail","6":"product_cat-oksijen-kanulu","7":"product_shipping_class-maskebandajivefiltreler","9":"first","10":"instock","11":"shipping-taxable","12":"product-type-simple"},"_links":{"self":[{"href":"https:\/\/www.dayemedikal.com\/en\/wp-json\/wp\/v2\/product\/18538"}],"collection":[{"href":"https:\/\/www.dayemedikal.com\/en\/wp-json\/wp\/v2\/product"}],"about":[{"href":"https:\/\/www.dayemedikal.com\/en\/wp-json\/wp\/v2\/types\/product"}],"wp:featuredmedia":[{"embeddable":true,"href":"https:\/\/www.dayemedikal.com\/en\/wp-json\/wp\/v2\/media\/18539"}],"wp:attachment":[{"href":"https:\/\/www.dayemedikal.com\/en\/wp-json\/wp\/v2\/media?parent=18538"}],"wp:term":[{"taxonomy":"product_cat","embeddable":true,"href":"https:\/\/www.dayemedikal.com\/en\/wp-json\/wp\/v2\/product_cat?post=18538"},{"taxonomy":"product_tag","embeddable":true,"href":"https:\/\/www.dayemedikal.com\/en\/wp-json\/wp\/v2\/product_tag?post=18538"}],"curies":[{"name":"wp","href":"https:\/\/api.w.org\/{rel}","templated":true}]}}