{"id":18549,"date":"2021-08-31T15:48:39","date_gmt":"2021-08-31T12:48:39","guid":{"rendered":"https:\/\/www.dayemedikal.com\/?post_type=product&#038;p=18549"},"modified":"2024-11-11T15:58:57","modified_gmt":"2024-11-11T12:58:57","slug":"yuwell-yn-02-nazal-burun-maske","status":"publish","type":"product","link":"https:\/\/www.dayemedikal.com\/en\/product\/yuwell-yn-02-nazal-burun-maske\/","title":{"rendered":"Yuwell YN-02 Nazal (Burun) Maske"},"content":{"rendered":"<p>Uyku Apnesi tedavisinde kullan\u0131lan cihazlar\u0131n en \u00f6nemli aksesuar\u0131 maskelerdir. Yuwell YN-02 Nazal (Burun) maskesi, petek g\u00f6r\u00fcn\u00fcm\u00fcndeki havaland\u0131rma delikleri sayesinde karbondioksitin d\u0131\u015far\u0131 \u00e7\u0131k\u0131\u015f\u0131nda nazik ve sessiz olacak \u015fekilde tasarlan\u0131p \u00fcretilmi\u015ftir. 64 gram a\u011f\u0131rl\u0131\u011fa sahiptir ve kendi kategorisinin en hafif maskesidir. Her y\u00fcz tipine uyum sa\u011flamaktad\u0131r. K\u00f6r\u00fck sistemi fazla s\u0131kmay\u0131 gerektirmeyece\u011fi i\u00e7in y\u00fczdeki bask\u0131 azal\u0131r. Maske ve hortumun aras\u0131nda kalan h\u0131zl\u0131 serbest b\u0131rakma konekt\u00f6r\u00fc, hortumu maskeden kolayca ay\u0131rmaya yard\u0131mc\u0131 olur. Hava ge\u00e7irmez, hafif ve yumu\u015fak dokusu maksimum hasta konforu sa\u011flamaktad\u0131r.<\/p>\n<p>&#8220;T.C.Sa\u011fl\u0131k Bakanl\u0131\u011f\u0131\u2019n\u0131n Hijyenik \u00dcr\u00fcn Y\u00f6netmeli\u011fi\u2019ne g\u00f6re ay\u0131pl\u0131 \u00fcr\u00fcn olmad\u0131\u011f\u0131 s\u00fcrece hijyenik \u00fcr\u00fcnlerin a\u00e7\u0131ld\u0131ktan sonra iade ve de\u011fi\u015fimi s\u00f6z konusu de\u011fildir.&#8221;<\/p>","protected":false},"excerpt":{"rendered":"<p>Yuwell YN-02 Nazal (Burun) maskesi, petek g\u00f6r\u00fcn\u00fcm\u00fcndeki havaland\u0131rma delikleri sayesinde karbondioksitin d\u0131\u015far\u0131 \u00e7\u0131k\u0131\u015f\u0131nda nazik ve sessiz olacak \u015fekilde tasarlan\u0131p \u00fcretilmi\u015ftir.<\/p>","protected":false},"featured_media":18550,"template":"","meta":[],"product_cat":[150],"product_tag":[],"class_list":{"0":"post-18549","1":"product","2":"type-product","3":"status-publish","4":"has-post-thumbnail","6":"product_cat-nazal-maske","7":"ts_product_brand-yuwell","9":"first","10":"outofstock","11":"shipping-taxable","12":"product-type-variable"},"_links":{"self":[{"href":"https:\/\/www.dayemedikal.com\/en\/wp-json\/wp\/v2\/product\/18549"}],"collection":[{"href":"https:\/\/www.dayemedikal.com\/en\/wp-json\/wp\/v2\/product"}],"about":[{"href":"https:\/\/www.dayemedikal.com\/en\/wp-json\/wp\/v2\/types\/product"}],"wp:featuredmedia":[{"embeddable":true,"href":"https:\/\/www.dayemedikal.com\/en\/wp-json\/wp\/v2\/media\/18550"}],"wp:attachment":[{"href":"https:\/\/www.dayemedikal.com\/en\/wp-json\/wp\/v2\/media?parent=18549"}],"wp:term":[{"taxonomy":"product_cat","embeddable":true,"href":"https:\/\/www.dayemedikal.com\/en\/wp-json\/wp\/v2\/product_cat?post=18549"},{"taxonomy":"product_tag","embeddable":true,"href":"https:\/\/www.dayemedikal.com\/en\/wp-json\/wp\/v2\/product_tag?post=18549"}],"curies":[{"name":"wp","href":"https:\/\/api.w.org\/{rel}","templated":true}]}}