{"id":18595,"date":"2021-11-09T11:23:10","date_gmt":"2021-11-09T08:23:10","guid":{"rendered":"https:\/\/www.dayemedikal.com\/?post_type=product&#038;p=18595"},"modified":"2024-11-11T15:58:53","modified_gmt":"2024-11-11T12:58:53","slug":"reswell-rvc820-a-auto-cpap-apap-cihazi","status":"publish","type":"product","link":"https:\/\/www.dayemedikal.com\/en\/product\/reswell-rvc820-a-auto-cpap-apap-cihazi\/","title":{"rendered":"Reswell RVC820 A Auto Cpap (Apap) Cihaz\u0131"},"content":{"rendered":"<p class=\"western\"><span style=\"color: #000000;\"><span style=\"font-family: Lucida Sans, serif;\">Cihaz ve nemlendirici \u00fcnitesi birle\u015fik oldu\u011fu i\u00e7in pratik bir kullan\u0131m\u0131 vard\u0131r. Su kab\u0131 tasar\u0131m\u0131 olduk\u00e7a kullan\u0131\u015fl\u0131 olmakla birlikte, su doldurmas\u0131 ve temizlemesi di\u011fer modellere g\u00f6re g\u00f6re \u00e7ok daha kolayd\u0131r. <\/span><\/span><span style=\"color: #000000;\"><span style=\"font-family: Liberation Sans, serif;\">Hastaya sa\u011flamas\u0131 gereken tedavi ve konforu sa\u011flayan, k\u00fc\u00e7\u00fck, ergonomik tasar\u0131m\u0131, sessiz \u00e7al\u0131\u015fmas\u0131, nemlendirici \u00fcnitesinin entegre olmas\u0131, sa\u011flam ve ta\u015f\u0131mas\u0131 kolay olmas\u0131 y\u00f6nleriyle bir cihazda olmas\u0131 beklenen t\u00fcm \u00f6zellikleri bar\u0131nd\u0131rmaktad\u0131r.<\/span><\/span><\/p>\n<p class=\"western\"><strong><span style=\"color: #000000;\"><span style=\"font-family: Liberation Sans, serif;\">Is\u0131t\u0131c\u0131 Nemlendirici \u00d6zellikleri<\/span><\/span><\/strong><\/p>\n<p class=\"western\"><span style=\"color: #000000;\"><span style=\"font-family: Liberation Sans, serif;\">Cihaz ve nemlendirici \u00fcnitesi birle\u015fik oldu\u011fu i\u00e7in \u00e7ok pratik kullan\u0131ma sahiptir. Su kab\u0131 tasar\u0131m\u0131 olduk\u00e7a kullan\u0131\u015fl\u0131 olmakla birlikte, su doldurmas\u0131 ve temizlemesi di\u011fer marka cihazlara g\u00f6re \u00e7ok daha basittir. Cihaz\u0131n men\u00fcs\u00fcnden yap\u0131lan 1-6 aras\u0131nda de\u011fi\u015ftirilebilen \u0131s\u0131tma \u00f6zelli\u011fi (30-75<\/span><\/span><span style=\"color: #000000;\"><span style=\"font-family: Liberation Sans, serif;\">\u00b0<\/span><\/span><span style=\"color: #000000;\"><span style=\"font-family: Liberation Sans, serif;\">), kullan\u0131c\u0131ya gidecek olan havan\u0131n yumu\u015fat\u0131lmas\u0131n\u0131 sa\u011flayarak rahatlamaya yard\u0131mc\u0131 olmaktad\u0131r.<\/span><\/span><\/p>\n<p class=\"western\"><strong><span style=\"color: #000000;\"><span style=\"font-family: Liberation Sans, serif;\">Sd Kart Kay\u0131t \u00d6zelli\u011fi<\/span><\/span><\/strong><\/p>\n<p class=\"western\"><span style=\"color: #000000;\"><span style=\"font-family: Liberation Sans, serif;\">Hastalar\u0131n cihaz ile uyumluluk ve kullan\u0131m s\u00fcresi raporlar\u0131n\u0131 kaydetme \u00f6zelli\u011fi mevcuttur. <\/span><\/span><\/p>\n<p class=\"western\"><strong><span style=\"color: #000000;\"><span style=\"font-family: Liberation Sans, serif;\">Otomatik Kullan\u0131c\u0131 \u00d6zellikleri<\/span><\/span><\/strong><\/p>\n<p class=\"western\"><span style=\"color: #000000;\"><span style=\"font-family: Liberation Sans, serif;\">Nefes sens\u00f6r\u00fc \u00f6zelli\u011fi sayesinde hi\u00e7 bir tu\u015fa basmaya gerek olmadan, maskeyi tak\u0131p nefes al\u0131nmas\u0131 yeterlidir. Cihaz\u0131n otomatik \u00e7al\u0131\u015ft\u0131rma \u00f6zelli\u011fi devreye girmektedir. Maskeyi \u00e7\u0131kartt\u0131ktan sonra soluk kesilece\u011fi i\u00e7in cihaz otomatik durdurma \u00f6zelli\u011fi devreye girecektir ve cihaz kapanacakt\u0131r. Bu \u00f6zellik iste\u011fe g\u00f6re men\u00fcden aktif veya pasif durumuna getirilmektedir.<\/span><\/span><\/p>\n<p class=\"western\"><strong><span style=\"color: #000000;\"><span style=\"font-family: Liberation Sans, serif;\">Rampa \u00d6zelli\u011fi<\/span><\/span><\/strong><\/p>\n<p class=\"western\"><span style=\"color: #000000;\"><span style=\"font-family: Liberation Sans, serif;\">\u00d6zellikle y\u00fcksek bas\u0131nca ihtiyac\u0131 olan hastalarda yada tedaviye yeni ba\u015fland\u0131ysa, cihaza adaptasyon s\u00fcrecinde gelen bas\u0131n\u00e7l\u0131 havadan dolay\u0131 bir rahats\u0131zl\u0131k hissi meydana gelebiliyor ve bu hisse al\u0131\u015fmak da zaman alabiliyor. Bu rahats\u0131zl\u0131\u011f\u0131 azaltmak i\u00e7in men\u00fcden rampa \u00f6zelli\u011fi devreye al\u0131n\u0131yor. Belirlenen s\u00fcre boyunca cihaz\u0131n d\u00fc\u015f\u00fck bas\u0131n\u00e7ta hava vermesi sa\u011flan\u0131yor, b\u00f6ylece ki\u015fi uykuya ge\u00e7ene kadar y\u00fcksek bas\u0131nca maruz kalm\u0131yor ve daha kolay uykuya dalabiliyor. <\/span><\/span><\/p>","protected":false},"excerpt":{"rendered":"<p><span style=\"color: #000000;\"><span style=\"font-family: Lucida Sans, serif;\">Cihaz ve nemlendirici \u00fcnitesi birle\u015fik oldu\u011fu i\u00e7in pratik bir kullan\u0131m\u0131 vard\u0131r. Su kab\u0131 tasar\u0131m\u0131 olduk\u00e7a kullan\u0131\u015fl\u0131 olmakla birlikte, su doldurmas\u0131 ve temizlemesi di\u011fer modellere g\u00f6re g\u00f6re \u00e7ok daha kolayd\u0131r. <\/span><\/span><span style=\"color: #000000;\"><span style=\"font-family: Liberation Sans, serif;\">Hastaya sa\u011flamas\u0131 gereken tedavi ve konforu sa\u011flayan, k\u00fc\u00e7\u00fck, ergonomik tasar\u0131m\u0131, sessiz \u00e7al\u0131\u015fmas\u0131, nemlendirici \u00fcnitesinin entegre olmas\u0131, sa\u011flam ve ta\u015f\u0131mas\u0131 kolay olmas\u0131 y\u00f6nleriyle bir cihazda olmas\u0131 beklenen t\u00fcm \u00f6zellikleri bar\u0131nd\u0131rmaktad\u0131r.<\/span><\/span><\/p>","protected":false},"featured_media":18619,"template":"","meta":[],"product_cat":[132],"product_tag":[],"class_list":{"0":"post-18595","1":"product","2":"type-product","3":"status-publish","4":"has-post-thumbnail","6":"product_cat-auto-cpap","7":"ts_product_brand-reswell","9":"first","10":"outofstock","11":"sold-individually","12":"shipping-taxable","13":"product-type-simple"},"_links":{"self":[{"href":"https:\/\/www.dayemedikal.com\/en\/wp-json\/wp\/v2\/product\/18595"}],"collection":[{"href":"https:\/\/www.dayemedikal.com\/en\/wp-json\/wp\/v2\/product"}],"about":[{"href":"https:\/\/www.dayemedikal.com\/en\/wp-json\/wp\/v2\/types\/product"}],"wp:featuredmedia":[{"embeddable":true,"href":"https:\/\/www.dayemedikal.com\/en\/wp-json\/wp\/v2\/media\/18619"}],"wp:attachment":[{"href":"https:\/\/www.dayemedikal.com\/en\/wp-json\/wp\/v2\/media?parent=18595"}],"wp:term":[{"taxonomy":"product_cat","embeddable":true,"href":"https:\/\/www.dayemedikal.com\/en\/wp-json\/wp\/v2\/product_cat?post=18595"},{"taxonomy":"product_tag","embeddable":true,"href":"https:\/\/www.dayemedikal.com\/en\/wp-json\/wp\/v2\/product_tag?post=18595"}],"curies":[{"name":"wp","href":"https:\/\/api.w.org\/{rel}","templated":true}]}}