{"id":18683,"date":"2022-04-07T14:15:19","date_gmt":"2022-04-07T11:15:19","guid":{"rendered":"https:\/\/www.dayemedikal.com\/?post_type=product&#038;p=18683"},"modified":"2024-11-11T16:22:42","modified_gmt":"2024-11-11T13:22:42","slug":"respirox-rf01-oranazal-agiz-burun-maske","status":"publish","type":"product","link":"https:\/\/www.dayemedikal.com\/en\/product\/respirox-rf01-oranazal-agiz-burun-maske\/","title":{"rendered":"Respirox RF01 Oranazal (A\u011f\u0131z Burun) Maske"},"content":{"rendered":"<p>Uyku Apnesi tedavisinde kullan\u0131lan cihazlar\u0131n en \u00f6nemli aksesuar\u0131 maskelerdir. Respirox RF-01 Oranazal (A\u011f\u0131z Burun) Maskesi, her y\u00fcz tipine uyum sa\u011flayan tasar\u0131m\u0131 ile \u00e7ok kullan\u0131\u015fl\u0131 bir modeldir.<\/p>\n<p>&#8220;T.C.Sa\u011fl\u0131k Bakanl\u0131\u011f\u0131\u2019n\u0131n Hijyenik \u00dcr\u00fcn Y\u00f6netmeli\u011fi\u2019ne g\u00f6re ay\u0131pl\u0131 \u00fcr\u00fcn olmad\u0131\u011f\u0131 s\u00fcrece hijyenik \u00fcr\u00fcnlerin a\u00e7\u0131ld\u0131ktan sonra iade ve de\u011fi\u015fimi s\u00f6z konusu de\u011fildir.&#8221;<\/p>","protected":false},"excerpt":{"rendered":"<p>Respirox RF-01 Oranazal (A\u011f\u0131z Burun) Maskesi, her y\u00fcz tipine uyum sa\u011flayan tasar\u0131m\u0131 ile \u00e7ok kullan\u0131\u015fl\u0131 bir modeldir.<\/p>","protected":false},"featured_media":18685,"template":"","meta":[],"product_cat":[151],"product_tag":[],"class_list":{"0":"post-18683","1":"product","2":"type-product","3":"status-publish","4":"has-post-thumbnail","6":"product_cat-oranazal-maske","7":"product_shipping_class-oranazalmaskeler","8":"ts_product_brand-respirox","10":"first","11":"instock","12":"shipping-taxable","13":"product-type-simple"},"_links":{"self":[{"href":"https:\/\/www.dayemedikal.com\/en\/wp-json\/wp\/v2\/product\/18683"}],"collection":[{"href":"https:\/\/www.dayemedikal.com\/en\/wp-json\/wp\/v2\/product"}],"about":[{"href":"https:\/\/www.dayemedikal.com\/en\/wp-json\/wp\/v2\/types\/product"}],"wp:featuredmedia":[{"embeddable":true,"href":"https:\/\/www.dayemedikal.com\/en\/wp-json\/wp\/v2\/media\/18685"}],"wp:attachment":[{"href":"https:\/\/www.dayemedikal.com\/en\/wp-json\/wp\/v2\/media?parent=18683"}],"wp:term":[{"taxonomy":"product_cat","embeddable":true,"href":"https:\/\/www.dayemedikal.com\/en\/wp-json\/wp\/v2\/product_cat?post=18683"},{"taxonomy":"product_tag","embeddable":true,"href":"https:\/\/www.dayemedikal.com\/en\/wp-json\/wp\/v2\/product_tag?post=18683"}],"curies":[{"name":"wp","href":"https:\/\/api.w.org\/{rel}","templated":true}]}}