{"id":18931,"date":"2023-06-06T11:32:45","date_gmt":"2023-06-06T08:32:45","guid":{"rendered":"https:\/\/www.dayemedikal.com\/?post_type=product&#038;p=18931"},"modified":"2024-11-11T16:13:49","modified_gmt":"2024-11-11T13:13:49","slug":"respirox-soundsleep-cpap-cihazi","status":"publish","type":"product","link":"https:\/\/www.dayemedikal.com\/en\/product\/respirox-soundsleep-cpap-cihazi\/","title":{"rendered":"Respirox SoundSleep Cpap Cihaz\u0131"},"content":{"rendered":"<p>Respirox Soundsleep Cpap cihaz\u0131; geli\u015fmi\u015f ak\u0131\u015f sens\u00f6r\u00fc, patentli ka\u00e7ak hesaplama algoritmas\u0131 ile gece boyunca hastan\u0131n ihtiyac\u0131 olan bas\u0131n\u00e7lar\u0131 vererek do\u011fru ve sa\u011fl\u0131kl\u0131 tedaviyi sa\u011flamaktad\u0131r. Do\u011fru tan\u0131mlama ve ki\u015fiselle\u015ftirilmi\u015f terapi sa\u011flayan cihaz; k\u00fc\u00e7\u00fck ayn\u0131 zamanda \u015f\u0131k tasar\u0131m\u0131, rahat ve kolay kullan\u0131m\u0131 sayesinde kullan\u0131c\u0131ya maksimum konforu sunar. Nemlendirici \u00fcnitesinin tasar\u0131m\u0131 sayesinde dolumu ve temizli\u011fi olduk\u00e7a kolayd\u0131r. H\u0131zl\u0131 \u0131s\u0131tma \u00f6zelli\u011fi nemlendirici \u00fcnitesini daha kullan\u0131\u015fl\u0131 hale getirmektedir. Hastaya sa\u011flamas\u0131 gereken tedaviyi ve konforu sa\u011flayan, k\u00fc\u00e7\u00fck, \u015f\u0131k, ergonomik tasar\u0131m\u0131, sessiz \u00e7al\u0131\u015fmas\u0131, sd kart kay\u0131t \u00f6zelli\u011fi, sa\u011flam ve ta\u015f\u0131mas\u0131 kolay olmas\u0131 y\u00f6nleriyle bir cihazda olmas\u0131 beklenen t\u00fcm \u00f6zellikleri bar\u0131nd\u0131rmaktad\u0131r.<\/p>\n<p><strong>Sd Kart Kay\u0131t \u00d6zelli\u011fi<\/strong><\/p>\n<p>Hastalar\u0131n cihaz\u0131 kulland\u0131klar\u0131 s\u00fcre boyunca kullan\u0131m verilerini kaydetme \u00f6zelli\u011fidir. 365 g\u00fcn ayr\u0131nt\u0131l\u0131 bir \u015fekilde veri kayd\u0131 yapar ve haf\u0131zas\u0131nda tutar. Veri depolama alan\u0131 doldu\u011funda son g\u00fcn\u00fc kaydederek ilk kullan\u0131lmaya ba\u015flad\u0131\u011f\u0131 g\u00fcn\u00fc siler ve bu \u015fekilde g\u00fcncel verileri istenildi\u011fi her an g\u00f6rebilmeyi sa\u011flar. Kay\u0131t sistemi olduk\u00e7a geli\u015fmi\u015ftir. Horlama, hastalar\u0131n geriye d\u00f6n\u00fck kullanm\u0131\u015f oldu\u011fu s\u00fcreleri tarih ve saat olarak kaydeder. AHI (Apne ve Hipopne ) endekslerini g\u00f6sterir. Hastan\u0131n kullanm\u0131\u015f oldu\u011fu s\u00fcre boyunca cihaz, maske ve hasta uyumunu tespit eder. Ortalama bas\u0131n\u00e7 de\u011ferlerini ve maske ka\u00e7aklar\u0131n\u0131 raporlamalar\u0131yla birlikte g\u00f6rebilmeyi sa\u011flayan olduk\u00e7a geli\u015fmi\u015f bir teknolojidir.<\/p>\n<p><strong>Otomatik Kullan\u0131c\u0131 \u00d6zellikleri<\/strong><\/p>\n<p>Nefes sens\u00f6r\u00fc \u00f6zelli\u011fi sayesinde hi\u00e7 bir tu\u015fa basmadan, maskeyi y\u00fcze tak\u0131p nefes al\u0131nmas\u0131 yeterlidir. Cihaz\u0131n otomatik a\u00e7ma \u00f6zelli\u011fi aktif olup \u00e7al\u0131\u015fmaya ba\u015flayacakt\u0131r. Maskeyi \u00e7\u0131kartt\u0131ktan sonra nefes al\u0131\u015f veri\u015f kesilece\u011fi i\u00e7in cihaz otomatik kapatma \u00f6zelli\u011fini devreye alacakt\u0131r ve kapanacakt\u0131r. Bu \u00f6zellik men\u00fcden aktif veya pasif durumuna getirilebilir.<\/p>\n<p><strong>Reslex \u00d6zelli\u011fi<\/strong><\/p>\n<p>Ekspirasyon (akci\u011ferlerden kirli havan\u0131n at\u0131lmas\u0131) s\u0131ras\u0131nda, hastay\u0131 yormadan solunum konforu sa\u011flamas\u0131d\u0131r. B\u00f6ylelikle d\u0131\u015far\u0131 solumadaki bas\u0131n\u00e7 azal\u0131r ve uyku esnas\u0131nda hastaya daha az efor harcatarak fazla bas\u0131nc\u0131 d\u0131\u015far\u0131ya atmas\u0131na yard\u0131mc\u0131 olan \u00f6zelliktir. Bu \u00f6zellik sayesinde kalp ritim bozuklu\u011funa neden olan sebepler minimuma indirilir.<\/p>\n<p><strong>Alarm \u00d6zelli\u011fi<\/strong><\/p>\n<p>Cihaz \u00e7al\u0131\u015f\u0131r durumdayken meydana gelen yo\u011fun maske ka\u00e7aklar\u0131nda cihaz alarm\u0131 devreye girer ve kullan\u0131c\u0131y\u0131 uyar\u0131r. Maske d\u00fczeltildi\u011finde alarm devre d\u0131\u015f\u0131 kal\u0131r.<br \/>\nCihaz \u00e7al\u0131\u015f\u0131r durumdayken g\u00fc\u00e7 kesilirse otomatik alarm devreye girer ve kullan\u0131c\u0131y\u0131 uyar\u0131r.<\/p>\n<p><strong>Is\u0131t\u0131c\u0131 Nemlendirici \u00d6zellikleri<\/strong><\/p>\n<p>Hastan\u0131n ihtiyac\u0131na ba\u011fl\u0131 olarak \u0131s\u0131t\u0131c\u0131 nemlendirici \u00fcnitesi cihaza monte edilerek kullan\u0131l\u0131r. Cihaz\u0131n men\u00fcs\u00fcnden yap\u0131lan 1-5 aras\u0131nda de\u011fi\u015ftirilebilen \u0131s\u0131tma \u00f6zelli\u011fi, kullan\u0131c\u0131ya gidecek olan so\u011fuk havan\u0131n yumu\u015fat\u0131lmas\u0131n\u0131 sa\u011flayarak rahat bir gece uykusu almas\u0131n\u0131 sa\u011flar. Nemlendirici \u00fcnitesinin kullan\u0131m\u0131 monte edili\u015fi \u00e7ok kolayd\u0131r. Kullan\u0131m\u0131 son derece konforludur.<\/p>","protected":false},"excerpt":{"rendered":"<p>Respirox Soundsleep Cpap cihaz\u0131; geli\u015fmi\u015f ak\u0131\u015f sens\u00f6r\u00fc, patentli ka\u00e7ak hesaplama algoritmas\u0131 ile gece boyunca hastan\u0131n ihtiyac\u0131 olan bas\u0131n\u00e7lar\u0131 vererek do\u011fru ve sa\u011fl\u0131kl\u0131 tedaviyi sa\u011flamaktad\u0131r. Do\u011fru tan\u0131mlama ve ki\u015fiselle\u015ftirilmi\u015f terapi sa\u011flayan cihaz; k\u00fc\u00e7\u00fck ayn\u0131 zamanda \u015f\u0131k tasar\u0131m\u0131, rahat ve kolay kullan\u0131m\u0131 sayesinde kullan\u0131c\u0131ya maksimum konforu sunar. Nemlendirici \u00fcnitesinin tasar\u0131m\u0131 sayesinde dolumu ve temizli\u011fi olduk\u00e7a kolayd\u0131r. H\u0131zl\u0131 [&hellip;]<\/p>","protected":false},"featured_media":18675,"template":"","meta":[],"product_cat":[15],"product_tag":[],"class_list":{"0":"post-18931","1":"product","2":"type-product","3":"status-publish","4":"has-post-thumbnail","6":"product_cat-cpap","7":"product_shipping_class-cpap-bpap","8":"ts_product_brand-respirox","10":"first","11":"instock","12":"shipping-taxable","13":"product-type-simple"},"_links":{"self":[{"href":"https:\/\/www.dayemedikal.com\/en\/wp-json\/wp\/v2\/product\/18931"}],"collection":[{"href":"https:\/\/www.dayemedikal.com\/en\/wp-json\/wp\/v2\/product"}],"about":[{"href":"https:\/\/www.dayemedikal.com\/en\/wp-json\/wp\/v2\/types\/product"}],"wp:featuredmedia":[{"embeddable":true,"href":"https:\/\/www.dayemedikal.com\/en\/wp-json\/wp\/v2\/media\/18675"}],"wp:attachment":[{"href":"https:\/\/www.dayemedikal.com\/en\/wp-json\/wp\/v2\/media?parent=18931"}],"wp:term":[{"taxonomy":"product_cat","embeddable":true,"href":"https:\/\/www.dayemedikal.com\/en\/wp-json\/wp\/v2\/product_cat?post=18931"},{"taxonomy":"product_tag","embeddable":true,"href":"https:\/\/www.dayemedikal.com\/en\/wp-json\/wp\/v2\/product_tag?post=18931"}],"curies":[{"name":"wp","href":"https:\/\/api.w.org\/{rel}","templated":true}]}}