{"id":19263,"date":"2025-07-21T11:26:07","date_gmt":"2025-07-21T08:26:07","guid":{"rendered":"https:\/\/www.dayemedikal.com\/?post_type=product&#038;p=19263"},"modified":"2025-07-21T11:28:10","modified_gmt":"2025-07-21T08:28:10","slug":"resmed-airsense-10-elite-cpap-cihazi","status":"publish","type":"product","link":"https:\/\/www.dayemedikal.com\/en\/product\/resmed-airsense-10-elite-cpap-cihazi\/","title":{"rendered":"ResMed AirSense 10 Elite Cpap Cihaz\u0131"},"content":{"rendered":"<p style=\"font-weight: 400;\">6 ay kadar (182 g\u00fcn)\u00a0kay\u0131t yapabilmesi ve geli\u015fmi\u015f raporlama sa\u011flayabilmesi sayesinde uyku solunum bozukluklar\u0131n\u0131z\u0131n verilerini doktorunuz ile payla\u015fabilirsiniz.<\/p>\n<p style=\"font-weight: 400;\">Raporunuzda Cheyne-Stoke, Apne\u00a0 indeksi, Santral Apne indeksi gibi bir \u00e7ok bilgi bulunmaktad\u0131r.<\/p>\n<p style=\"font-weight: 400;\">Opsiyonel olarak temin edilecek SpO2 ba\u011flant\u0131s\u0131 sayesinde raporunuzdaki verilere ek olarak oksijen de\u011ferleriniz ve nab\u0131z verilerinizde eklenmektedir.<\/p>\n<p style=\"font-weight: 400;\">Benzersiz santral apne y\u00f6ntemi ile sekt\u00f6rdeki t\u00fcm uyku solunum bozuklu\u011fu cihazlar\u0131ndan \u00fcst\u00fcnd\u00fcr. Apne s\u0131ras\u0131nda g\u00f6nderilen FOT sinyal sayesinde Obstr\u00fcktif Apne (T\u0131kay\u0131c\u0131 Apne), Merkezi Apne (Santral Apne) ve Miks Apneyi tespit edebilir.<\/p>\n<p style=\"font-weight: 400;\">AutoRamp, ResMed AirSense Elite CPAP Cihaz\u0131nda ayarlanan bas\u0131nc\u0131n\u0131za siz uyuduktan sonra ula\u015fmaktad\u0131r. S\u00fcre ayarlaman\u0131za ihtiya\u00e7 duymadan otomatik olarak uykuya dald\u0131\u011f\u0131n\u0131z\u0131 tespit eder.<\/p>\n<p style=\"font-weight: 400;\">Uykunuz i\u00e7in\u00a0ayarlanan CPAP\u00a0bas\u0131n\u00e7 iletimi esnas\u0131nda nefes vermekte g\u00fc\u00e7l\u00fck ya\u015famaman\u0131z i\u00e7in EPR (Nefes verme esnas\u0131nda bas\u0131n\u00e7 d\u00fc\u015f\u00fc\u015f\u00fc) \u00f6zelli\u011fi ile bas\u0131nc\u0131 1-2-3 cmH2O kesin bas\u0131n\u00e7 d\u00fc\u015f\u00fc\u015f\u00fc sa\u011flan\u0131r.<\/p>\n<p style=\"font-weight: 400;\">ResMed cihazlar\u0131nda bulunan SmartStart \u00f6zelli\u011fi sayesinde maskeyi takt\u0131\u011f\u0131n\u0131zda otomatik olarak ba\u015flar ve maskenizi \u00e7\u0131kard\u0131\u011f\u0131n\u0131zda da otomatik olarak duracakt\u0131r. \u00d6zellikle gece uyanmalar\u0131nda size kullan\u0131m devaml\u0131l\u0131\u011f\u0131 i\u00e7in kolayl\u0131k sa\u011flayacak bir \u00f6zelliktir.<\/p>\n<p style=\"font-weight: 400;\">HumidAir nemlendiricisi se\u00e7ene\u011fi ile kullan\u0131m esnas\u0131nda ya\u015fayabilece\u011finiz a\u011f\u0131z kuruluklar\u0131n\u0131 ortadan kald\u0131rabilirsiniz. Ayr\u0131ca ClimateLineAir* \u0131s\u0131t\u0131c\u0131l\u0131 devre ile de tam otomatik nemlendirme konforunu ya\u015fars\u0131n\u0131z. Size sadece iletilen havan\u0131n s\u0131cakl\u0131\u011f\u0131n\u0131 se\u00e7mek kal\u0131r ve ResMed sabit bir nemlilik ve s\u0131cakl\u0131k ile kullan\u0131mda devaml\u0131l\u0131k ve \u00fcst\u00fcn bir konfor sunar.<\/p>\n<p style=\"font-weight: 400;\">Zarif, kullan\u0131c\u0131 dostu tasar\u0131m\u0131 sayesinde pratik kullan\u0131m sa\u011flar. Basit ve kullan\u0131\u015fl\u0131 men\u00fcs\u00fc sayesinde herkesin kullan\u0131m\u0131n\u0131 kolayla\u015ft\u0131r\u0131r.<\/p>","protected":false},"excerpt":{"rendered":"<p style=\"font-weight: 400;\">6 ay kadar (182 g\u00fcn)\u00a0kay\u0131t yapabilmesi ve geli\u015fmi\u015f raporlama sa\u011flayabilmesi sayesinde uyku solunum bozukluklar\u0131n\u0131z\u0131n verilerini doktorunuz ile payla\u015fabilirsiniz.<\/p>\n<p style=\"font-weight: 400;\">Raporunuzda Cheyne-Stoke, Apne\u00a0 indeksi, Santral Apne indeksi gibi bir \u00e7ok bilgi bulunmaktad\u0131r.<\/p>\n<p style=\"font-weight: 400;\">Opsiyonel olarak temin edilecek SpO2 ba\u011flant\u0131s\u0131 sayesinde raporunuzdaki verilere ek olarak oksijen de\u011ferleriniz ve nab\u0131z verilerinizde eklenmektedir.<\/p>","protected":false},"featured_media":19264,"template":"","meta":[],"product_cat":[15],"product_tag":[],"class_list":{"0":"post-19263","1":"product","2":"type-product","3":"status-publish","4":"has-post-thumbnail","6":"product_cat-cpap","7":"ts_product_brand-resmed","9":"first","10":"instock","11":"shipping-taxable","12":"product-type-simple"},"_links":{"self":[{"href":"https:\/\/www.dayemedikal.com\/en\/wp-json\/wp\/v2\/product\/19263"}],"collection":[{"href":"https:\/\/www.dayemedikal.com\/en\/wp-json\/wp\/v2\/product"}],"about":[{"href":"https:\/\/www.dayemedikal.com\/en\/wp-json\/wp\/v2\/types\/product"}],"wp:featuredmedia":[{"embeddable":true,"href":"https:\/\/www.dayemedikal.com\/en\/wp-json\/wp\/v2\/media\/19264"}],"wp:attachment":[{"href":"https:\/\/www.dayemedikal.com\/en\/wp-json\/wp\/v2\/media?parent=19263"}],"wp:term":[{"taxonomy":"product_cat","embeddable":true,"href":"https:\/\/www.dayemedikal.com\/en\/wp-json\/wp\/v2\/product_cat?post=19263"},{"taxonomy":"product_tag","embeddable":true,"href":"https:\/\/www.dayemedikal.com\/en\/wp-json\/wp\/v2\/product_tag?post=19263"}],"curies":[{"name":"wp","href":"https:\/\/api.w.org\/{rel}","templated":true}]}}