{"id":19268,"date":"2025-07-21T11:36:41","date_gmt":"2025-07-21T08:36:41","guid":{"rendered":"https:\/\/www.dayemedikal.com\/?post_type=product&#038;p=19268"},"modified":"2025-07-21T11:41:11","modified_gmt":"2025-07-21T08:41:11","slug":"resvent-ibreeze-20c-cpap-cihazi","status":"publish","type":"product","link":"https:\/\/www.dayemedikal.com\/en\/product\/resvent-ibreeze-20c-cpap-cihazi\/","title":{"rendered":"Resvent iBreeze 20C Cpap Cihaz\u0131"},"content":{"rendered":"<p>Her t\u00fcrl\u00fc ihtiyac\u0131n\u0131za g\u00f6re etkin aray\u00fcz tasar\u0131m\u0131.<\/p>\n<p>B\u00fcnyesinde bulunan ak\u0131ll\u0131 nemlendirici \u00f6zelli\u011fi sayesinde s\u00fcrekli su seviye denetimi yaparak g\u00fcvenli\u011fin en \u00fcst d\u00fczeyde tutmas\u0131<\/p>\n<p>Daha iyi klinik de\u011ferlendirme i\u00e7in bol miktarda tedavi edici parametreler.<\/p>\n<p>Cpap-V Modu ile hastan\u0131n \u00f6nceden belirlenmi\u015f bir s\u00fcre i\u00e7inde bas\u0131n\u00e7 titrasyonu yapmas\u0131n\u0131 sa\u011flar.<\/p>\n<p>Benzersiz ak\u0131ll\u0131 bas\u0131n\u00e7 sal\u0131n\u0131m\u0131 (IPR) \u00f6zelli\u011fi sayesinde kullan\u0131m s\u00fcresi boyunca daha kolay nefes vermenizi sa\u011flar.<\/p>\n<p>E-Comp yeni hastalarda, \u00f6n g\u00f6r\u00fclen bas\u0131nc\u0131n %50sinde ba\u015flayarak g\u00fcnde 1cmH2O art\u0131\u015fla kademeli olarak hastan\u0131n cihaza kolay adapte olmas\u0131n\u0131 sa\u011flayan \u00f6zellik.<\/p>\n<h2>Paket \u0130\u00e7eri\u011fi<\/h2>\n<p>Cihaz Ana \u00dcnite<br \/>\nTa\u015f\u0131ma \u00c7antas\u0131<br \/>\nHasta Hortumu ve Maske<br \/>\nKullan\u0131m K\u0131lavuzu<br \/>\nElektrik Adapt\u00f6r\u00fc ve Hava Filtresi<\/p>","protected":false},"excerpt":{"rendered":"<p>Cpap-V Modu ile hastan\u0131n \u00f6nceden belirlenmi\u015f bir s\u00fcre i\u00e7inde bas\u0131n\u00e7 titrasyonu yapmas\u0131n\u0131 sa\u011flar.<\/p>\n<p>Benzersiz ak\u0131ll\u0131 bas\u0131n\u00e7 sal\u0131n\u0131m\u0131 (IPR) \u00f6zelli\u011fi sayesinde kullan\u0131m s\u00fcresi boyunca daha kolay nefes vermenizi sa\u011flar.<\/p>\n<p>E-Comp yeni hastalarda, \u00f6n g\u00f6r\u00fclen bas\u0131nc\u0131n %50sinde ba\u015flayarak g\u00fcnde 1cmH2O art\u0131\u015fla kademeli olarak hastan\u0131n cihaza kolay adapte olmas\u0131n\u0131 sa\u011flayan \u00f6zellik.<\/p>","protected":false},"featured_media":19269,"template":"","meta":[],"product_cat":[15],"product_tag":[],"class_list":{"0":"post-19268","1":"product","2":"type-product","3":"status-publish","4":"has-post-thumbnail","6":"product_cat-cpap","7":"ts_product_brand-resvent","9":"first","10":"instock","11":"shipping-taxable","12":"product-type-simple"},"_links":{"self":[{"href":"https:\/\/www.dayemedikal.com\/en\/wp-json\/wp\/v2\/product\/19268"}],"collection":[{"href":"https:\/\/www.dayemedikal.com\/en\/wp-json\/wp\/v2\/product"}],"about":[{"href":"https:\/\/www.dayemedikal.com\/en\/wp-json\/wp\/v2\/types\/product"}],"wp:featuredmedia":[{"embeddable":true,"href":"https:\/\/www.dayemedikal.com\/en\/wp-json\/wp\/v2\/media\/19269"}],"wp:attachment":[{"href":"https:\/\/www.dayemedikal.com\/en\/wp-json\/wp\/v2\/media?parent=19268"}],"wp:term":[{"taxonomy":"product_cat","embeddable":true,"href":"https:\/\/www.dayemedikal.com\/en\/wp-json\/wp\/v2\/product_cat?post=19268"},{"taxonomy":"product_tag","embeddable":true,"href":"https:\/\/www.dayemedikal.com\/en\/wp-json\/wp\/v2\/product_tag?post=19268"}],"curies":[{"name":"wp","href":"https:\/\/api.w.org\/{rel}","templated":true}]}}