{"id":19272,"date":"2025-07-21T11:48:01","date_gmt":"2025-07-21T08:48:01","guid":{"rendered":"https:\/\/www.dayemedikal.com\/?post_type=product&#038;p=19272"},"modified":"2025-07-21T11:52:03","modified_gmt":"2025-07-21T08:52:03","slug":"medicraft-venticure-60-ev-tipi-mekanik-ventilator","status":"publish","type":"product","link":"https:\/\/www.dayemedikal.com\/en\/product\/medicraft-venticure-60-ev-tipi-mekanik-ventilator\/","title":{"rendered":"Medicraft Venticure 60 Ev Tipi Mekanik Ventilat\u00f6r"},"content":{"rendered":"<p>G\u00fc\u00e7l\u00fc ve Sessiz motor ile tasarlanm\u0131\u015f Medicraft VentiCure 60 kullan\u0131c\u0131lara konforlu bir tedavi sunar.<\/p>\n<p>Geli\u015fmi\u015f filtreleme sistemi ile ortam havas\u0131n\u0131\u00a0temizleyerek inspirasyon ve ekspirasyon s\u0131ras\u0131nda olu\u015fabilecek riskleri ortadan kald\u0131r\u0131r.<\/p>\n<p>Geni\u015f alarm se\u00e7ene\u011fi ile ger\u00e7ekle\u015febilecek t\u00fcm\u00a0komplikasyonlar i\u00e7in i\u015fitsel ve g\u00f6rsel olarak koruma sa\u011flar.<\/p>\n<p>\u00c7ok fonksiyonlu renkli ekrana sahip VentiCure 60 her a\u00e7\u0131dan rahatl\u0131kla g\u00f6r\u00fclebilir ekran tasar\u0131m\u0131n\u0131n yan\u0131 s\u0131ra eldiven ile kullan\u0131labilir olmas\u0131 sayesinde yo\u011fun bak\u0131m ve ambulanslarda kullan\u0131ma uygundur.<\/p>\n<p>Yaln\u0131zca 3.7 kg a\u011f\u0131rl\u0131\u011fa sahip VentiCure 60, hafif ve ergonomik tasar\u0131m\u0131 ile kolayl\u0131kla ta\u015f\u0131nabilir.<\/p>","protected":false},"excerpt":{"rendered":"<p>Geli\u015fmi\u015f filtreleme sistemi ile ortam havas\u0131n\u0131\u00a0temizleyerek inspirasyon ve ekspirasyon s\u0131ras\u0131nda olu\u015fabilecek riskleri ortadan kald\u0131r\u0131r.<\/p>\n<p>\u00c7ok fonksiyonlu renkli ekrana sahip VentiCure 60 her a\u00e7\u0131dan rahatl\u0131kla g\u00f6r\u00fclebilir ekran tasar\u0131m\u0131n\u0131n yan\u0131 s\u0131ra eldiven ile kullan\u0131labilir olmas\u0131 sayesinde yo\u011fun bak\u0131m ve ambulanslarda kullan\u0131ma uygundur.<\/p>","protected":false},"featured_media":19273,"template":"","meta":[],"product_cat":[140],"product_tag":[],"class_list":{"0":"post-19272","1":"product","2":"type-product","3":"status-publish","4":"has-post-thumbnail","6":"product_cat-ventilator","7":"ts_product_brand-medicraft","9":"first","10":"instock","11":"shipping-taxable","12":"product-type-simple"},"_links":{"self":[{"href":"https:\/\/www.dayemedikal.com\/en\/wp-json\/wp\/v2\/product\/19272"}],"collection":[{"href":"https:\/\/www.dayemedikal.com\/en\/wp-json\/wp\/v2\/product"}],"about":[{"href":"https:\/\/www.dayemedikal.com\/en\/wp-json\/wp\/v2\/types\/product"}],"wp:featuredmedia":[{"embeddable":true,"href":"https:\/\/www.dayemedikal.com\/en\/wp-json\/wp\/v2\/media\/19273"}],"wp:attachment":[{"href":"https:\/\/www.dayemedikal.com\/en\/wp-json\/wp\/v2\/media?parent=19272"}],"wp:term":[{"taxonomy":"product_cat","embeddable":true,"href":"https:\/\/www.dayemedikal.com\/en\/wp-json\/wp\/v2\/product_cat?post=19272"},{"taxonomy":"product_tag","embeddable":true,"href":"https:\/\/www.dayemedikal.com\/en\/wp-json\/wp\/v2\/product_tag?post=19272"}],"curies":[{"name":"wp","href":"https:\/\/api.w.org\/{rel}","templated":true}]}}