{"id":19274,"date":"2025-07-21T11:58:20","date_gmt":"2025-07-21T08:58:20","guid":{"rendered":"https:\/\/www.dayemedikal.com\/?post_type=product&#038;p=19274"},"modified":"2025-07-21T12:04:00","modified_gmt":"2025-07-21T09:04:00","slug":"foras-binefes-sp-100-ev-tipi-ventilator-cihazi","status":"publish","type":"product","link":"https:\/\/www.dayemedikal.com\/en\/product\/foras-binefes-sp-100-ev-tipi-ventilator-cihazi\/","title":{"rendered":"ForAs BiNefes SP-100 Ev Tipi Ventilat\u00f6r Cihaz\u0131"},"content":{"rendered":"<p>ForAs BiNefes, invaziv veya non-invaziv mekanik ventilasyona ihtiya\u00e7 duyan hastalar i\u00e7in devaml\u0131 veya aral\u0131kl\u0131 olarak ventilasyon deste\u011fi sa\u011flayabilen, kronik solunum yetmezli\u011fi tedavisinde evde uzun s\u00fcreli kullan\u0131lan mekanik ventilasyon i\u00e7in tasarlanm\u0131\u015f, \u00f6zellikle g\u00f6\u011f\u00fcs duvar\u0131 ve n\u00f6romusk\u00fcler hastal\u0131klarda kullan\u0131lan suni solunum cihaz\u0131d\u0131r. Ventilat\u00f6rler suni solunuma ihtiyac\u0131 olan hastalara evde ve di\u011fer ya\u015fam alanlar\u0131nda destek amac\u0131yla kullan\u0131lmak \u00fczere \u00fcretilmi\u015f ta\u015f\u0131nabilir ventilat\u00f6rd\u00fcr.<\/p>\n<p>ForAs BiNefes, 11 farkl\u0131 ventilasyon ve soluk modu kombinasyonlar\u0131nda kullan\u0131labilir.<\/p>\n<p>\u2022 A-PC \u2013 Yard\u0131mc\u0131 Bas\u0131n\u00e7 Kontroll\u00fc Ventilasyon<\/p>\n<p>\u2022 PC \u2013 Bas\u0131n\u00e7 Kontroll\u00fc Ventilasyon<\/p>\n<p>\u2022 SIMV-PC \u2013 Senkronize Aral\u0131kl\u0131 Zorunlu Ventilasyonla beraber Bas\u0131n\u00e7 Kontroll\u00fc Ventilasyon<\/p>\n<p>\u2022 A-VC \u2013 Yard\u0131mc\u0131 Hacim Kontroll\u00fc Ventilasyon<\/p>\n<p>\u2022 VC \u2013 Hacim Kotroll\u00fc Ventilasyon<\/p>\n<p>\u2022 SIMV-VC \u2013 Senkronize Aral\u0131kl\u0131 Zorunlu Ventilasyonla beraber Hacim Kontroll\u00fc Ventilasyon<\/p>\n<p>\u2022 CPAP\/PSV \u2013 S\u00fcrekli Pozitif Hava Yolu Bas\u0131nc\u0131 \/ Bas\u0131n\u00e7 Destekli Ventilasyon<br \/>\n\u2022 PRVC \u2013 Bas\u0131n\u00e7 Ayarl\u0131 Vol\u00fcm Kontrol<br \/>\n\u2022 A-PRVC \u2013 Yard\u0131mc\u0131 Bas\u0131n\u00e7 Ayarl\u0131 Vol\u00fcm Kontrol<br \/>\n\u2022 BIPAP \u2013 \u0130ki Seviyeli Pozitif Havayolu Bas\u0131nc\u0131<br \/>\n\u2022 HFO \u2013 Y\u00fcksek Ak\u0131ml\u0131 Oksijen Terapisi<\/p>","protected":false},"excerpt":{"rendered":"<p>ForAs BiNefes, 11 farkl\u0131 ventilasyon ve soluk modu kombinasyonlar\u0131nda kullan\u0131labilir.<\/p>\n<p>T\u00fcrbinli, invaziv ve non-invaziv ventilasyon i\u00e7in ev ve hastane tipi kullan\u0131ma uygundur.<\/p>","protected":false},"featured_media":19275,"template":"","meta":[],"product_cat":[140],"product_tag":[],"class_list":{"0":"post-19274","1":"product","2":"type-product","3":"status-publish","4":"has-post-thumbnail","6":"product_cat-ventilator","7":"ts_product_brand-foras","9":"first","10":"instock","11":"shipping-taxable","12":"product-type-simple"},"_links":{"self":[{"href":"https:\/\/www.dayemedikal.com\/en\/wp-json\/wp\/v2\/product\/19274"}],"collection":[{"href":"https:\/\/www.dayemedikal.com\/en\/wp-json\/wp\/v2\/product"}],"about":[{"href":"https:\/\/www.dayemedikal.com\/en\/wp-json\/wp\/v2\/types\/product"}],"wp:featuredmedia":[{"embeddable":true,"href":"https:\/\/www.dayemedikal.com\/en\/wp-json\/wp\/v2\/media\/19275"}],"wp:attachment":[{"href":"https:\/\/www.dayemedikal.com\/en\/wp-json\/wp\/v2\/media?parent=19274"}],"wp:term":[{"taxonomy":"product_cat","embeddable":true,"href":"https:\/\/www.dayemedikal.com\/en\/wp-json\/wp\/v2\/product_cat?post=19274"},{"taxonomy":"product_tag","embeddable":true,"href":"https:\/\/www.dayemedikal.com\/en\/wp-json\/wp\/v2\/product_tag?post=19274"}],"curies":[{"name":"wp","href":"https:\/\/api.w.org\/{rel}","templated":true}]}}