{"id":19276,"date":"2025-07-21T12:15:02","date_gmt":"2025-07-21T09:15:02","guid":{"rendered":"https:\/\/www.dayemedikal.com\/?post_type=product&#038;p=19276"},"modified":"2025-07-21T12:17:51","modified_gmt":"2025-07-21T09:17:51","slug":"2-motorlu-hasta-karyolasi","status":"publish","type":"product","link":"https:\/\/www.dayemedikal.com\/en\/product\/2-motorlu-hasta-karyolasi\/","title":{"rendered":"2 Motorlu Hasta Karyolas\u0131"},"content":{"rendered":"<p>\u00c7ift Kademeli tabanca korkuluk; ergonomik kullan\u0131m ve montaj rahatl\u0131\u011f\u0131 ( s\u0131f\u0131r montaj ) sa\u011flam\u0131\u015ft\u0131r.<\/p>\n<p>Ba\u015fl\u0131k, ayakucu, tekerlekler; takma tik yap\u0131larak vidalama ve montaj kolayl\u0131\u011f\u0131 sa\u011flanm\u0131\u015ft\u0131r.<\/p>\n<p>Yat\u0131\u015f platformu ve ba\u015fl\u0131klarda ki oval tasar\u0131m ile yenilik getirilmesi ama\u00e7lanm\u0131\u015f, \u00fcr\u00fcne modern bir g\u00f6r\u00fcnt\u00fc kazand\u0131r\u0131lm\u0131\u015ft\u0131r. <\/p>\n<p>Ayr\u0131ca keskin kenarlar ortadan kald\u0131r\u0131larak yaralanma riski minimize edilmi\u015ftir.<\/p>\n<p>T\u00fcm karyolada ki metal b\u00f6l\u00fcmler de kullan\u0131lan malzemenin et kal\u0131nl\u0131\u011f\u0131 1 mm den, 1,5 mm ye \u00e7\u0131kart\u0131lm\u0131\u015f, bu sayede mukavemet art\u0131r\u0131lm\u0131\u015ft\u0131r.<\/p>\n<p>G\u00f6z ile de fark edilece\u011fi gibi \u00fcr\u00fcnde ki i\u015f\u00e7ilik kalitesi y\u00fckseltilerek daha \u015f\u0131k ve kaliteli bir \u00fcr\u00fcn ortaya \u00e7\u0131kart\u0131lm\u0131\u015ft\u0131r.<\/p>\n<p>\u00c7apraz kilitlenebilir tekerlekler.<\/p>","protected":false},"excerpt":{"rendered":"<p>2 (\u0130ki) Motorlu Hasta Karyolas\u0131 &#8211; Elektrikli Kumandal\u0131 &#8211; Hareketli Hasta Karyolas\u0131 &#8211; S\u00fcnger Yatak &#8211; Serum Ask\u0131l\u0131kl\u0131<\/p>","protected":false},"featured_media":19277,"template":"","meta":[],"product_cat":[184],"product_tag":[],"class_list":{"0":"post-19276","1":"product","2":"type-product","3":"status-publish","4":"has-post-thumbnail","6":"product_cat-hasta-karyolasi","8":"first","9":"instock","10":"shipping-taxable","11":"product-type-simple"},"_links":{"self":[{"href":"https:\/\/www.dayemedikal.com\/en\/wp-json\/wp\/v2\/product\/19276"}],"collection":[{"href":"https:\/\/www.dayemedikal.com\/en\/wp-json\/wp\/v2\/product"}],"about":[{"href":"https:\/\/www.dayemedikal.com\/en\/wp-json\/wp\/v2\/types\/product"}],"wp:featuredmedia":[{"embeddable":true,"href":"https:\/\/www.dayemedikal.com\/en\/wp-json\/wp\/v2\/media\/19277"}],"wp:attachment":[{"href":"https:\/\/www.dayemedikal.com\/en\/wp-json\/wp\/v2\/media?parent=19276"}],"wp:term":[{"taxonomy":"product_cat","embeddable":true,"href":"https:\/\/www.dayemedikal.com\/en\/wp-json\/wp\/v2\/product_cat?post=19276"},{"taxonomy":"product_tag","embeddable":true,"href":"https:\/\/www.dayemedikal.com\/en\/wp-json\/wp\/v2\/product_tag?post=19276"}],"curies":[{"name":"wp","href":"https:\/\/api.w.org\/{rel}","templated":true}]}}